{"id":37,"date":"2026-01-25T20:01:49","date_gmt":"2026-01-25T20:01:49","guid":{"rendered":"https:\/\/lestella.cat\/web\/?page_id=37"},"modified":"2026-02-17T10:54:59","modified_gmt":"2026-02-17T09:54:59","slug":"el-projecte","status":"publish","type":"page","link":"https:\/\/lestella.cat\/web\/","title":{"rendered":"El projecte"},"content":{"rendered":"\t\t<div data-elementor-type=\"wp-page\" data-elementor-id=\"37\" class=\"elementor elementor-37\">\n\t\t\t\t<div class=\"elementor-element elementor-element-acc9345 e-grid e-con-full e-con e-parent\" data-id=\"acc9345\" data-element_type=\"container\">\n\t\t\t\t<div class=\"elementor-element elementor-element-aaba2a2 elementor-widget elementor-widget-image\" data-id=\"aaba2a2\" data-element_type=\"widget\" data-widget_type=\"image.default\">\n\t\t\t\t\t\t\t\t\t\t\t\t\t\t\t<img fetchpriority=\"high\" decoding=\"async\" width=\"1024\" height=\"549\" src=\"https:\/\/lestella.cat\/web\/wp-content\/uploads\/2026\/02\/estella-01-1024x549.jpg\" class=\"attachment-large size-large wp-image-88\" alt=\"\" srcset=\"https:\/\/lestella.cat\/web\/wp-content\/uploads\/2026\/02\/estella-01-1024x549.jpg 1024w, https:\/\/lestella.cat\/web\/wp-content\/uploads\/2026\/02\/estella-01-300x161.jpg 300w, https:\/\/lestella.cat\/web\/wp-content\/uploads\/2026\/02\/estella-01-768x412.jpg 768w, https:\/\/lestella.cat\/web\/wp-content\/uploads\/2026\/02\/estella-01.jpg 1200w\" sizes=\"(max-width: 1024px) 100vw, 1024px\" \/>\t\t\t\t\t\t\t\t\t\t\t\t\t\t\t<\/div>\n\t\t\t\t<div class=\"elementor-element elementor-element-0288b88 elementor-widget elementor-widget-text-editor\" data-id=\"0288b88\" data-element_type=\"widget\" data-widget_type=\"text-editor.default\">\n\t\t\t\t\t\t\t\t\t<p>Som l\u2019estella, una iniciativa que va comen\u00e7ar al 2024 quan algunes fam\u00edlies s\u2019anaven trobant de manera puntual al Faig Lab &#8211; espais de fabricaci\u00f3 digital, experimentaci\u00f3 i creaci\u00f3 &#8211; de l\u2019Institut Pla Marcell per realitzar projectes relacionats amb la fusta.\u00a0<\/p>\n<p>D\u2019aquestes trobades va n\u00e9ixer\u00a0<span style=\"font-weight: bold;\">l\u2019Estella, espais de creaci\u00f3 comunit\u00e0ria<\/span>, un projecte que vol transformar els FaigLab de l\u2019Institut Pla Marcell i de l\u2019Escola Gran\u00e9s en espais de creaci\u00f3 col\u00b7lectiva oberts, autogestionats i accessibles a la comunitat. Aquests tallers, inicialment pensats per a l\u2019\u00fas escolar, esdevenen aix\u00ed un recurs compartit i una infraestructura comunit\u00e0ria per a la formaci\u00f3, la producci\u00f3 col\u00b7lectiva i la innovaci\u00f3 social.<\/p>\t\t\t\t\t\t\t\t<\/div>\n\t\t\t\t<div class=\"elementor-element elementor-element-24ed70f elementor-widget elementor-widget-text-editor\" data-id=\"24ed70f\" data-element_type=\"widget\" data-widget_type=\"text-editor.default\">\n\t\t\t\t\t\t\t\t\t<p>L\u2019Estella est\u00e0 formada per les Associacions de Fam\u00edlies d&#8217;Alumnes (AFA) de l\u2019Institut Pla Marcell, l\u2019Escola Gran\u00e9s i l\u2019Escola Can Manent aix\u00ed que l&#8217;Associaci\u00f3 de Ve\u00efns de la Granada que ajunten forces per donar vida al projecte.\u00a0<\/p>\n<p>Amb l\u2019Estella, volem crear, reutilitzar, reparar, fer amb les mans, desenvolupar la creativitat i compartir coneixement. En un m\u00f3n que ens empeny a comprar sense pausa, a substituir all\u00f2 que encara pot viure i a acumular all\u00f2 que podria ser compartit. Qu\u00e8 passa quan el fer torna a ser a les nostres mans?<\/p>\n<p>L\u2019Estella es desenvolupa en el marc de la subvenci\u00f3 ComunarESS del Departament de Treball de la Generalitat, programa que impulsa iniciatives d\u2019economies comunit\u00e0ries.<\/p>\t\t\t\t\t\t\t\t<\/div>\n\t\t\t\t<div class=\"elementor-element elementor-element-98e41c0 elementor-widget elementor-widget-image\" data-id=\"98e41c0\" data-element_type=\"widget\" data-widget_type=\"image.default\">\n\t\t\t\t\t\t\t\t\t\t\t\t\t\t\t<img decoding=\"async\" width=\"1764\" height=\"1158\" src=\"https:\/\/lestella.cat\/web\/wp-content\/uploads\/2026\/02\/Captura-de-pantalla-2026-02-05-a-les-3.06.22-p.-m.jpeg\" class=\"attachment-full size-full wp-image-75\" alt=\"\" srcset=\"https:\/\/lestella.cat\/web\/wp-content\/uploads\/2026\/02\/Captura-de-pantalla-2026-02-05-a-les-3.06.22-p.-m.jpeg 1764w, https:\/\/lestella.cat\/web\/wp-content\/uploads\/2026\/02\/Captura-de-pantalla-2026-02-05-a-les-3.06.22-p.-m-300x197.jpeg 300w, https:\/\/lestella.cat\/web\/wp-content\/uploads\/2026\/02\/Captura-de-pantalla-2026-02-05-a-les-3.06.22-p.-m-1024x672.jpeg 1024w, https:\/\/lestella.cat\/web\/wp-content\/uploads\/2026\/02\/Captura-de-pantalla-2026-02-05-a-les-3.06.22-p.-m-768x504.jpeg 768w, https:\/\/lestella.cat\/web\/wp-content\/uploads\/2026\/02\/Captura-de-pantalla-2026-02-05-a-les-3.06.22-p.-m-1536x1008.jpeg 1536w\" sizes=\"(max-width: 1764px) 100vw, 1764px\" \/>\t\t\t\t\t\t\t\t\t\t\t\t\t\t\t<\/div>\n\t\t\t\t<\/div>\n\t\t<div class=\"elementor-element elementor-element-37cb067 e-flex e-con-boxed e-con e-parent\" data-id=\"37cb067\" data-element_type=\"container\">\n\t\t\t\t\t<div class=\"e-con-inner\">\n\t\t\t\t\t<\/div>\n\t\t\t\t<\/div>\n\t\t\t\t<\/div>\n\t\t","protected":false},"excerpt":{"rendered":"<p>Som l\u2019estella, una iniciativa que va comen\u00e7ar al 2024 quan algunes fam\u00edlies s\u2019anaven trobant de manera puntual al Faig Lab &#8211; espais de fabricaci\u00f3 digital, experimentaci\u00f3 i creaci\u00f3 &#8211; de l\u2019Institut Pla Marcell per realitzar projectes relacionats amb la fusta.\u00a0 D\u2019aquestes trobades va n\u00e9ixer\u00a0l\u2019Estella, espais de creaci\u00f3 comunit\u00e0ria, un projecte que vol transformar els FaigLab &#8230; <a title=\"El projecte\" class=\"read-more\" href=\"https:\/\/lestella.cat\/web\/\" aria-label=\"Read more about El projecte\">Read more<\/a><\/p>\n","protected":false},"author":1,"featured_media":0,"parent":0,"menu_order":0,"comment_status":"closed","ping_status":"closed","template":"","meta":{"footnotes":""},"class_list":["post-37","page","type-page","status-publish"],"_links":{"self":[{"href":"https:\/\/lestella.cat\/web\/wp-json\/wp\/v2\/pages\/37","targetHints":{"allow":["GET"]}}],"collection":[{"href":"https:\/\/lestella.cat\/web\/wp-json\/wp\/v2\/pages"}],"about":[{"href":"https:\/\/lestella.cat\/web\/wp-json\/wp\/v2\/types\/page"}],"author":[{"embeddable":true,"href":"https:\/\/lestella.cat\/web\/wp-json\/wp\/v2\/users\/1"}],"replies":[{"embeddable":true,"href":"https:\/\/lestella.cat\/web\/wp-json\/wp\/v2\/comments?post=37"}],"version-history":[{"count":17,"href":"https:\/\/lestella.cat\/web\/wp-json\/wp\/v2\/pages\/37\/revisions"}],"predecessor-version":[{"id":173,"href":"https:\/\/lestella.cat\/web\/wp-json\/wp\/v2\/pages\/37\/revisions\/173"}],"wp:attachment":[{"href":"https:\/\/lestella.cat\/web\/wp-json\/wp\/v2\/media?parent=37"}],"curies":[{"name":"wp","href":"https:\/\/api.w.org\/{rel}","templated":true}]}}