{"id":39,"date":"2026-01-25T20:02:25","date_gmt":"2026-01-25T20:02:25","guid":{"rendered":"https:\/\/lestella.cat\/web\/?page_id=39"},"modified":"2026-02-17T21:06:17","modified_gmt":"2026-02-17T20:06:17","slug":"espais","status":"publish","type":"page","link":"https:\/\/lestella.cat\/web\/espais\/","title":{"rendered":"Espais"},"content":{"rendered":"\t\t<div data-elementor-type=\"wp-page\" data-elementor-id=\"39\" class=\"elementor elementor-39\">\n\t\t\t\t<div class=\"elementor-element elementor-element-f5b4d48 e-flex e-con-boxed e-con e-parent\" data-id=\"f5b4d48\" data-element_type=\"container\">\n\t\t\t\t\t<div class=\"e-con-inner\">\n\t\t<div class=\"elementor-element elementor-element-7099930 e-con-full e-flex e-con e-child\" data-id=\"7099930\" data-element_type=\"container\">\n\t\t\t\t<div class=\"elementor-element elementor-element-0f80568 elementor-widget elementor-widget-image\" data-id=\"0f80568\" data-element_type=\"widget\" data-widget_type=\"image.default\">\n\t\t\t\t\t\t\t\t\t\t\t\t\t\t\t<img fetchpriority=\"high\" decoding=\"async\" width=\"1162\" height=\"774\" src=\"https:\/\/lestella.cat\/web\/wp-content\/uploads\/2026\/02\/Captura-de-pantalla-2026-02-17-a-les-9.02.46-p.-m.png\" class=\"attachment-full size-full wp-image-146\" alt=\"\" srcset=\"https:\/\/lestella.cat\/web\/wp-content\/uploads\/2026\/02\/Captura-de-pantalla-2026-02-17-a-les-9.02.46-p.-m.png 1162w, https:\/\/lestella.cat\/web\/wp-content\/uploads\/2026\/02\/Captura-de-pantalla-2026-02-17-a-les-9.02.46-p.-m-300x200.png 300w, https:\/\/lestella.cat\/web\/wp-content\/uploads\/2026\/02\/Captura-de-pantalla-2026-02-17-a-les-9.02.46-p.-m-1024x682.png 1024w, https:\/\/lestella.cat\/web\/wp-content\/uploads\/2026\/02\/Captura-de-pantalla-2026-02-17-a-les-9.02.46-p.-m-768x512.png 768w\" sizes=\"(max-width: 1162px) 100vw, 1162px\" \/>\t\t\t\t\t\t\t\t\t\t\t\t\t\t\t<\/div>\n\t\t\t\t<\/div>\n\t\t<div class=\"elementor-element elementor-element-0935cea e-con-full e-flex e-con e-child\" data-id=\"0935cea\" data-element_type=\"container\">\n\t\t\t\t<div class=\"elementor-element elementor-element-4982d14 elementor-widget elementor-widget-image\" data-id=\"4982d14\" data-element_type=\"widget\" data-widget_type=\"image.default\">\n\t\t\t\t\t\t\t\t\t\t\t\t\t\t\t<img decoding=\"async\" width=\"1024\" height=\"426\" src=\"https:\/\/lestella.cat\/web\/wp-content\/uploads\/2026\/02\/faiglab-granes-1024x426.jpg\" class=\"attachment-large size-large wp-image-132\" alt=\"\" srcset=\"https:\/\/lestella.cat\/web\/wp-content\/uploads\/2026\/02\/faiglab-granes-1024x426.jpg 1024w, https:\/\/lestella.cat\/web\/wp-content\/uploads\/2026\/02\/faiglab-granes-300x125.jpg 300w, https:\/\/lestella.cat\/web\/wp-content\/uploads\/2026\/02\/faiglab-granes-768x319.jpg 768w, https:\/\/lestella.cat\/web\/wp-content\/uploads\/2026\/02\/faiglab-granes-1536x639.jpg 1536w, https:\/\/lestella.cat\/web\/wp-content\/uploads\/2026\/02\/faiglab-granes.jpg 1700w\" sizes=\"(max-width: 1024px) 100vw, 1024px\" \/>\t\t\t\t\t\t\t\t\t\t\t\t\t\t\t<\/div>\n\t\t\t\t<\/div>\n\t\t<div class=\"elementor-element elementor-element-8fe393e e-con-full e-flex e-con e-child\" data-id=\"8fe393e\" data-element_type=\"container\">\n\t\t\t\t<div class=\"elementor-element elementor-element-4aebe34 elementor-widget elementor-widget-heading\" data-id=\"4aebe34\" data-element_type=\"widget\" data-widget_type=\"heading.default\">\n\t\t\t\t\t<h2 class=\"elementor-heading-title elementor-size-default\">Espai Maker de l'Institut Pla Marcell<\/h2>\t\t\t\t<\/div>\n\t\t\t\t<div class=\"elementor-element elementor-element-14c4c65 elementor-widget elementor-widget-text-editor\" data-id=\"14c4c65\" data-element_type=\"widget\" data-widget_type=\"text-editor.default\">\n\t\t\t\t\t\t\t\t\t<p><span style=\"font-weight: 400;\">L\u2019Espai FAIG de l\u2019Institut Pla Marcell es divideix en dos espais: un taller on es treballa principalment la fusta amb eines manuals i el\u00e8ctriques i un altre espai on es desenvolupen projectes amb l\u2019\u00fas de m\u00e0quines digitals.<\/span><\/p><p><strong>M\u00e0quines fabricaci\u00f3 digital disponibles:<\/strong><\/p><ul><li><span style=\"font-weight: 400;\">Impresores 3D<\/span><\/li><li><span style=\"font-weight: 400;\">Talladores l\u00e0ser<\/span><\/li><li><span style=\"font-weight: 400;\">Brodadores<\/span><\/li><li><span style=\"font-weight: 400;\">M\u00e0quines de cosir<\/span><\/li><li><span style=\"font-weight: 400;\">Viniladores<\/span><\/li><li>Escanner 3D<\/li><\/ul><p><strong>Eines i m\u00e0quines de construcci\u00f3 amb fusta i ferro:<\/strong><\/p><ul><li>Ingletadora<\/li><li>Serra circular de taula<\/li><li>Trepans i cargoladores<\/li><li>Caladores<\/li><li>Llimadores\u00a0<\/li><li>Radial<\/li><li>Soldadura TIG\u00a0<\/li><li>Eines manuals no mec\u00e0niques<\/li><\/ul>\t\t\t\t\t\t\t\t<\/div>\n\t\t\t\t<div class=\"elementor-element elementor-element-4cab213 elementor-widget elementor-widget-image\" data-id=\"4cab213\" data-element_type=\"widget\" data-widget_type=\"image.default\">\n\t\t\t\t\t\t\t\t\t\t\t\t\t\t\t<img decoding=\"async\" width=\"300\" height=\"153\" src=\"https:\/\/lestella.cat\/web\/wp-content\/uploads\/2026\/02\/logo-plamarcell-V2-LILA-FOSC-300x153.png\" class=\"attachment-medium size-medium wp-image-107\" alt=\"\" srcset=\"https:\/\/lestella.cat\/web\/wp-content\/uploads\/2026\/02\/logo-plamarcell-V2-LILA-FOSC-300x153.png 300w, https:\/\/lestella.cat\/web\/wp-content\/uploads\/2026\/02\/logo-plamarcell-V2-LILA-FOSC-1024x522.png 1024w, https:\/\/lestella.cat\/web\/wp-content\/uploads\/2026\/02\/logo-plamarcell-V2-LILA-FOSC-768x392.png 768w, https:\/\/lestella.cat\/web\/wp-content\/uploads\/2026\/02\/logo-plamarcell-V2-LILA-FOSC.png 1078w\" sizes=\"(max-width: 300px) 100vw, 300px\" \/>\t\t\t\t\t\t\t\t\t\t\t\t\t\t\t<\/div>\n\t\t\t\t<\/div>\n\t\t<div class=\"elementor-element elementor-element-8c65663 e-con-full e-flex e-con e-child\" data-id=\"8c65663\" data-element_type=\"container\">\n\t\t\t\t<div class=\"elementor-element elementor-element-e322ce6 elementor-widget elementor-widget-heading\" data-id=\"e322ce6\" data-element_type=\"widget\" data-widget_type=\"heading.default\">\n\t\t\t\t\t<h2 class=\"elementor-heading-title elementor-size-default\">Faig-Lab de l'Escola Ramon Masip Dolors Gran\u00e9s<\/h2>\t\t\t\t<\/div>\n\t\t\t\t<div class=\"elementor-element elementor-element-4ea3ae2 elementor-widget elementor-widget-text-editor\" data-id=\"4ea3ae2\" data-element_type=\"widget\" data-widget_type=\"text-editor.default\">\n\t\t\t\t\t\t\t\t\t<p><span style=\"font-weight: 400;\">L\u2019Espai FAIG de l\u2019Escola Gran\u00e9s est\u00e0 situat a l\u2019escola prim\u00e0ria i ofereix un espai pel desenvolupament de projectes a trav\u00e9s d\u2019eines digitals i m\u00e0quines de cosir.<\/span><\/p><p><strong>M\u00e0quines disponibles:<\/strong><\/p><ul><li>Impresores 3D<\/li><li>Talladores l\u00e0ser<\/li><li>Brodadores<\/li><li>M\u00e0quines de cosir<\/li><li>Viniladores<\/li><li>Escanner 3D<\/li><\/ul><p><strong>Eines i m\u00e0quines de construcci\u00f3 amb fusta:<\/strong><\/p><p>Estem treballant per poder oferir un espai constructiu en fusta ajustat a infants.\u00a0<\/p>\t\t\t\t\t\t\t\t<\/div>\n\t\t\t\t<div class=\"elementor-element elementor-element-683259a elementor-widget elementor-widget-image\" data-id=\"683259a\" data-element_type=\"widget\" data-widget_type=\"image.default\">\n\t\t\t\t\t\t\t\t\t\t\t\t\t\t\t<img loading=\"lazy\" decoding=\"async\" width=\"300\" height=\"268\" src=\"https:\/\/lestella.cat\/web\/wp-content\/uploads\/2026\/02\/logo-Granes-amb-lletra-1-300x268.png\" class=\"attachment-medium size-medium wp-image-105\" alt=\"\" srcset=\"https:\/\/lestella.cat\/web\/wp-content\/uploads\/2026\/02\/logo-Granes-amb-lletra-1-300x268.png 300w, https:\/\/lestella.cat\/web\/wp-content\/uploads\/2026\/02\/logo-Granes-amb-lletra-1-1024x915.png 1024w, https:\/\/lestella.cat\/web\/wp-content\/uploads\/2026\/02\/logo-Granes-amb-lletra-1-768x687.png 768w, https:\/\/lestella.cat\/web\/wp-content\/uploads\/2026\/02\/logo-Granes-amb-lletra-1-1536x1373.png 1536w, https:\/\/lestella.cat\/web\/wp-content\/uploads\/2026\/02\/logo-Granes-amb-lletra-1-2048x1831.png 2048w\" sizes=\"(max-width: 300px) 100vw, 300px\" \/>\t\t\t\t\t\t\t\t\t\t\t\t\t\t\t<\/div>\n\t\t\t\t<\/div>\n\t\t\t\t\t<\/div>\n\t\t\t\t<\/div>\n\t\t<div class=\"elementor-element elementor-element-4c401ae e-flex e-con-boxed e-con e-parent\" data-id=\"4c401ae\" data-element_type=\"container\">\n\t\t\t\t\t<div class=\"e-con-inner\">\n\t\t<div class=\"elementor-element elementor-element-2b8df83 e-con-full e-flex e-con e-child\" data-id=\"2b8df83\" data-element_type=\"container\">\n\t\t\t\t<\/div>\n\t\t<div class=\"elementor-element elementor-element-27fa178 e-con-full e-flex e-con e-child\" data-id=\"27fa178\" data-element_type=\"container\">\n\t\t\t\t<\/div>\n\t\t<div class=\"elementor-element elementor-element-2d5eb1e e-con-full e-flex e-con e-child\" data-id=\"2d5eb1e\" data-element_type=\"container\">\n\t\t\t\t<\/div>\n\t\t\t\t\t<\/div>\n\t\t\t\t<\/div>\n\t\t\t\t<\/div>\n\t\t","protected":false},"excerpt":{"rendered":"<p>Espai Maker de l&#8217;Institut Pla Marcell L\u2019Espai FAIG de l\u2019Institut Pla Marcell es divideix en dos espais: un taller on es treballa principalment la fusta amb eines manuals i el\u00e8ctriques i un altre espai on es desenvolupen projectes amb l\u2019\u00fas de m\u00e0quines digitals. M\u00e0quines fabricaci\u00f3 digital disponibles: Impresores 3D Talladores l\u00e0ser Brodadores M\u00e0quines de cosir &#8230; <a title=\"Espais\" class=\"read-more\" href=\"https:\/\/lestella.cat\/web\/espais\/\" aria-label=\"Read more about Espais\">Read more<\/a><\/p>\n","protected":false},"author":1,"featured_media":0,"parent":0,"menu_order":0,"comment_status":"closed","ping_status":"closed","template":"","meta":{"footnotes":""},"class_list":["post-39","page","type-page","status-publish"],"_links":{"self":[{"href":"https:\/\/lestella.cat\/web\/wp-json\/wp\/v2\/pages\/39","targetHints":{"allow":["GET"]}}],"collection":[{"href":"https:\/\/lestella.cat\/web\/wp-json\/wp\/v2\/pages"}],"about":[{"href":"https:\/\/lestella.cat\/web\/wp-json\/wp\/v2\/types\/page"}],"author":[{"embeddable":true,"href":"https:\/\/lestella.cat\/web\/wp-json\/wp\/v2\/users\/1"}],"replies":[{"embeddable":true,"href":"https:\/\/lestella.cat\/web\/wp-json\/wp\/v2\/comments?post=39"}],"version-history":[{"count":17,"href":"https:\/\/lestella.cat\/web\/wp-json\/wp\/v2\/pages\/39\/revisions"}],"predecessor-version":[{"id":168,"href":"https:\/\/lestella.cat\/web\/wp-json\/wp\/v2\/pages\/39\/revisions\/168"}],"wp:attachment":[{"href":"https:\/\/lestella.cat\/web\/wp-json\/wp\/v2\/media?parent=39"}],"curies":[{"name":"wp","href":"https:\/\/api.w.org\/{rel}","templated":true}]}}