{"id":40,"date":"2026-01-25T20:02:53","date_gmt":"2026-01-25T20:02:53","guid":{"rendered":"https:\/\/lestella.cat\/web\/?page_id=40"},"modified":"2026-03-01T17:30:34","modified_gmt":"2026-03-01T16:30:34","slug":"activitats","status":"publish","type":"page","link":"https:\/\/lestella.cat\/web\/activitats\/","title":{"rendered":"Activitats"},"content":{"rendered":"\t\t<div data-elementor-type=\"wp-page\" data-elementor-id=\"40\" class=\"elementor elementor-40\">\n\t\t\t\t<div class=\"elementor-element elementor-element-d8133ef e-flex e-con-boxed e-con e-parent\" data-id=\"d8133ef\" data-element_type=\"container\">\n\t\t\t\t\t<div class=\"e-con-inner\">\n\t\t<div class=\"elementor-element elementor-element-0083be5 e-con-full e-flex e-con e-child\" data-id=\"0083be5\" data-element_type=\"container\">\n\t\t\t\t<div class=\"elementor-element elementor-element-92597fe elementor-view-stacked elementor-shape-circle elementor-widget elementor-widget-icon\" data-id=\"92597fe\" data-element_type=\"widget\" data-widget_type=\"icon.default\">\n\t\t\t\t\t\t\t<div class=\"elementor-icon-wrapper\">\n\t\t\t<div class=\"elementor-icon\">\n\t\t\t<svg aria-hidden=\"true\" class=\"e-font-icon-svg e-fas-map\" viewBox=\"0 0 576 512\" xmlns=\"http:\/\/www.w3.org\/2000\/svg\"><path d=\"M0 117.66v346.32c0 11.32 11.43 19.06 21.94 14.86L160 416V32L20.12 87.95A32.006 32.006 0 0 0 0 117.66zM192 416l192 64V96L192 32v384zM554.06 33.16L416 96v384l139.88-55.95A31.996 31.996 0 0 0 576 394.34V48.02c0-11.32-11.43-19.06-21.94-14.86z\"><\/path><\/svg>\t\t\t<\/div>\n\t\t<\/div>\n\t\t\t\t\t\t<\/div>\n\t\t\t\t<div class=\"elementor-element elementor-element-1d4dcaa elementor-widget elementor-widget-text-editor\" data-id=\"1d4dcaa\" data-element_type=\"widget\" data-widget_type=\"text-editor.default\">\n\t\t\t\t\t\t\t\t\t<h2>Tallers oberts<\/h2>\t\t\t\t\t\t\t\t<\/div>\n\t\t\t\t<div class=\"elementor-element elementor-element-1a9a2a3 elementor-widget elementor-widget-text-editor\" data-id=\"1a9a2a3\" data-element_type=\"widget\" data-widget_type=\"text-editor.default\">\n\t\t\t\t\t\t\t\t\t<h2><span style=\"font-size: 20px; font-style: inherit;\">Vine. Prova. Explora.<\/span><\/h2><p>Espais d\u2019acc\u00e9s lliure dinamitzats. No cal tenir un projecte definit ni coneixements previs.<\/p><p><strong>Aqu\u00ed pots:<\/strong><\/p><p>&gt; Reparar un objecte.<br \/><span style=\"font-size: inherit; font-family: -apple-system, system-ui, BlinkMacSystemFont, 'Segoe UI', Helvetica, Arial, sans-serif, 'Apple Color Emoji', 'Segoe UI Emoji', 'Segoe UI Symbol';\">&gt; Aprendre a utilitzar una eina.<br \/><\/span>&gt; Experimentar amb materials reutilitzats.<br \/>&gt; Desenvolupar una idea pr\u00f2pia amb acompanyament.<\/p><p>Els tallers oberts s\u00f3n el cor comunitari de L\u2019Estella: trobades intergeneracionals, informals per\u00f2 cuidades, on compartir habilitats \u00e9s tan important com aprendre\u2019n de noves.<\/p><p><strong>Qu\u00e8 els fa diferents?<\/strong><br \/>No hi ha jerarquia de sabers.\u00a0<\/p><h5>Qui avui apr\u00e8n, dem\u00e0 pot ensenyar.<\/h5>\t\t\t\t\t\t\t\t<\/div>\n\t\t\t\t<\/div>\n\t\t<div class=\"elementor-element elementor-element-871a7be e-con-full e-flex e-con e-child\" data-id=\"871a7be\" data-element_type=\"container\">\n\t\t\t\t<div class=\"elementor-element elementor-element-df26a69 elementor-view-stacked elementor-shape-circle elementor-widget elementor-widget-icon\" data-id=\"df26a69\" data-element_type=\"widget\" data-widget_type=\"icon.default\">\n\t\t\t\t\t\t\t<div class=\"elementor-icon-wrapper\">\n\t\t\t<div class=\"elementor-icon\">\n\t\t\t<svg aria-hidden=\"true\" class=\"e-font-icon-svg e-fas-route\" viewBox=\"0 0 512 512\" xmlns=\"http:\/\/www.w3.org\/2000\/svg\"><path d=\"M416 320h-96c-17.6 0-32-14.4-32-32s14.4-32 32-32h96s96-107 96-160-43-96-96-96-96 43-96 96c0 25.5 22.2 63.4 45.3 96H320c-52.9 0-96 43.1-96 96s43.1 96 96 96h96c17.6 0 32 14.4 32 32s-14.4 32-32 32H185.5c-16 24.8-33.8 47.7-47.3 64H416c52.9 0 96-43.1 96-96s-43.1-96-96-96zm0-256c17.7 0 32 14.3 32 32s-14.3 32-32 32-32-14.3-32-32 14.3-32 32-32zM96 256c-53 0-96 43-96 96s96 160 96 160 96-107 96-160-43-96-96-96zm0 128c-17.7 0-32-14.3-32-32s14.3-32 32-32 32 14.3 32 32-14.3 32-32 32z\"><\/path><\/svg>\t\t\t<\/div>\n\t\t<\/div>\n\t\t\t\t\t\t<\/div>\n\t\t\t\t<div class=\"elementor-element elementor-element-7db01b0 elementor-widget elementor-widget-text-editor\" data-id=\"7db01b0\" data-element_type=\"widget\" data-widget_type=\"text-editor.default\">\n\t\t\t\t\t\t\t\t\t<h2>Tallers dirigits<\/h2>\t\t\t\t\t\t\t\t<\/div>\n\t\t\t\t<div class=\"elementor-element elementor-element-e14569e elementor-widget elementor-widget-text-editor\" data-id=\"e14569e\" data-element_type=\"widget\" data-widget_type=\"text-editor.default\">\n\t\t\t\t\t\t\t\t\t<h5>Aprenentatge amb recorregut.<\/h5><p>C\u00e0psules formatives de curta durada (normalment 15 hores distribu\u00efdes en 6 setmanes) orientades a adquirir compet\u00e8ncies concretes.<\/p><p><strong>Aqu\u00ed podem:<\/strong><\/p><p>&gt; Fabricaci\u00f3 digital i prototipat.Creaci\u00f3 &gt; escenogr\u00e0fica per a entitats culturals.<br \/>&gt; Upcycling i disseny amb materials recuperats. <br \/>&gt; Introducci\u00f3 a eines tecnol\u00f2giques amb perspectiva de g\u00e8nere.<\/p><p>S\u00f3n propostes amb estructura, objectius clars i retorn final.<\/p><p><strong>Es prioritza:<\/strong><\/p><p>Accessibilitat d\u2019horaris.<br \/>Diversitat de participants.<br \/>Aplicaci\u00f3 pr\u00e0ctica i impacte real.<\/p><h5>Processos col\u00b7lectius amb sentit comunitari.<\/h5>\t\t\t\t\t\t\t\t<\/div>\n\t\t\t\t<\/div>\n\t\t<div class=\"elementor-element elementor-element-54ab1bb e-con-full e-flex e-con e-child\" data-id=\"54ab1bb\" data-element_type=\"container\">\n\t\t\t\t<div class=\"elementor-element elementor-element-9555c02 elementor-view-stacked elementor-shape-circle elementor-widget elementor-widget-icon\" data-id=\"9555c02\" data-element_type=\"widget\" data-widget_type=\"icon.default\">\n\t\t\t\t\t\t\t<div class=\"elementor-icon-wrapper\">\n\t\t\t<div class=\"elementor-icon\">\n\t\t\t<svg aria-hidden=\"true\" class=\"e-font-icon-svg e-fas-rocket\" viewBox=\"0 0 512 512\" xmlns=\"http:\/\/www.w3.org\/2000\/svg\"><path d=\"M505.12019,19.09375c-1.18945-5.53125-6.65819-11-12.207-12.1875C460.716,0,435.507,0,410.40747,0,307.17523,0,245.26909,55.20312,199.05238,128H94.83772c-16.34763.01562-35.55658,11.875-42.88664,26.48438L2.51562,253.29688A28.4,28.4,0,0,0,0,264a24.00867,24.00867,0,0,0,24.00582,24H127.81618l-22.47457,22.46875c-11.36521,11.36133-12.99607,32.25781,0,45.25L156.24582,406.625c11.15623,11.1875,32.15619,13.15625,45.27726,0l22.47457-22.46875V488a24.00867,24.00867,0,0,0,24.00581,24,28.55934,28.55934,0,0,0,10.707-2.51562l98.72834-49.39063c14.62888-7.29687,26.50776-26.5,26.50776-42.85937V312.79688c72.59753-46.3125,128.03493-108.40626,128.03493-211.09376C512.07526,76.5,512.07526,51.29688,505.12019,19.09375ZM384.04033,168A40,40,0,1,1,424.05,128,40.02322,40.02322,0,0,1,384.04033,168Z\"><\/path><\/svg>\t\t\t<\/div>\n\t\t<\/div>\n\t\t\t\t\t\t<\/div>\n\t\t\t\t<div class=\"elementor-element elementor-element-dc67748 elementor-widget elementor-widget-text-editor\" data-id=\"dc67748\" data-element_type=\"widget\" data-widget_type=\"text-editor.default\">\n\t\t\t\t\t\t\t\t\t<h2>Projectes comunitaris<\/h2>\t\t\t\t\t\t\t\t<\/div>\n\t\t\t\t<div class=\"elementor-element elementor-element-03ef42e elementor-widget elementor-widget-text-editor\" data-id=\"03ef42e\" data-element_type=\"widget\" data-widget_type=\"text-editor.default\">\n\t\t\t\t\t\t\t\t\t<h5>Creem per transformar.<\/h5><p>S\u00f3n propostes o iniciatives que neixen del territori.<br \/>Una entitat, una escola o un col\u00b7lectiu planteja una necessitat i L\u2019Estella es converteix en l\u2019espai on pensar-la i construir-la conjuntament.<\/p><p><strong>Poden ser:<\/strong><\/p><p>&gt; Construcci\u00f3 d\u2019elements festius.<br \/>&gt; Disseny d\u2019instal\u00b7lacions per a espais p\u00fablics.<br \/>&gt; Materials pedag\u00f2gics per a centres.<br \/>&gt; Solucions pr\u00e0ctiques per a necessitats socials.<\/p><p><strong>Aqu\u00ed el proc\u00e9s \u00e9s tan rellevant com el resultat:<\/strong><\/p><p>Es treballa en equips mixtos.<br \/>Es reutilitzen materials.<br \/>Es documenta i es comparteix el coneixement generat.<\/p><h5>Producci\u00f3 col\u00b7lectiva amb impacte social.<\/h5>\t\t\t\t\t\t\t\t<\/div>\n\t\t\t\t<\/div>\n\t\t\t\t\t<\/div>\n\t\t\t\t<\/div>\n\t\t\t\t<\/div>\n\t\t","protected":false},"excerpt":{"rendered":"<p>Tallers oberts Vine. Prova. Explora. Espais d\u2019acc\u00e9s lliure dinamitzats. No cal tenir un projecte definit ni coneixements previs. Aqu\u00ed pots: &gt; Reparar un objecte.&gt; Aprendre a utilitzar una eina.&gt; Experimentar amb materials reutilitzats.&gt; Desenvolupar una idea pr\u00f2pia amb acompanyament. Els tallers oberts s\u00f3n el cor comunitari de L\u2019Estella: trobades intergeneracionals, informals per\u00f2 cuidades, on compartir &#8230; <a title=\"Activitats\" class=\"read-more\" href=\"https:\/\/lestella.cat\/web\/activitats\/\" aria-label=\"Read more about Activitats\">Read more<\/a><\/p>\n","protected":false},"author":1,"featured_media":0,"parent":0,"menu_order":0,"comment_status":"closed","ping_status":"closed","template":"","meta":{"footnotes":""},"class_list":["post-40","page","type-page","status-publish"],"_links":{"self":[{"href":"https:\/\/lestella.cat\/web\/wp-json\/wp\/v2\/pages\/40","targetHints":{"allow":["GET"]}}],"collection":[{"href":"https:\/\/lestella.cat\/web\/wp-json\/wp\/v2\/pages"}],"about":[{"href":"https:\/\/lestella.cat\/web\/wp-json\/wp\/v2\/types\/page"}],"author":[{"embeddable":true,"href":"https:\/\/lestella.cat\/web\/wp-json\/wp\/v2\/users\/1"}],"replies":[{"embeddable":true,"href":"https:\/\/lestella.cat\/web\/wp-json\/wp\/v2\/comments?post=40"}],"version-history":[{"count":28,"href":"https:\/\/lestella.cat\/web\/wp-json\/wp\/v2\/pages\/40\/revisions"}],"predecessor-version":[{"id":201,"href":"https:\/\/lestella.cat\/web\/wp-json\/wp\/v2\/pages\/40\/revisions\/201"}],"wp:attachment":[{"href":"https:\/\/lestella.cat\/web\/wp-json\/wp\/v2\/media?parent=40"}],"curies":[{"name":"wp","href":"https:\/\/api.w.org\/{rel}","templated":true}]}}